{"id":99,"date":"2023-05-18T11:02:59","date_gmt":"2023-05-18T09:02:59","guid":{"rendered":"https:\/\/trgovina.izrocilo.si\/?post_type=product&#038;p=99"},"modified":"2023-08-09T16:36:10","modified_gmt":"2023-08-09T14:36:10","slug":"kvadratni-podstavek-iz-kite","status":"publish","type":"product","link":"https:\/\/trgovina.izrocilo.si\/en\/shop\/pletarski-izdelki\/kvadratni-podstavek-iz-kite\/","title":{"rendered":"Kvadratni podstavek iz kite"},"content":{"rendered":"<p><span data-sheets-value=\"{&quot;1&quot;:2,&quot;2&quot;:&quot;Unikatna pletena ko\u0161ara iz srobota in \u0161ibe&quot;}\" data-sheets-userformat=\"{&quot;2&quot;:515,&quot;3&quot;:{&quot;1&quot;:0},&quot;4&quot;:{&quot;1&quot;:3,&quot;3&quot;:2},&quot;12&quot;:0}\">Unikaten ro\u010dno pleten podstavek iz kite iz li\u010dja.<\/span><\/p>\n<p>Trpe\u017een in funkcionalen podstavek, ki je tudi li\u010den okras za va\u0161o mizo ali druge povr\u0161ine.<\/p>\n<p><span data-sheets-value=\"{&quot;1&quot;:2,&quot;2&quot;:&quot;Avtorici: Jasmina Klop\u010di\u010d, Janja Smrkolj&quot;}\" data-sheets-userformat=\"{&quot;2&quot;:515,&quot;3&quot;:{&quot;1&quot;:0},&quot;4&quot;:{&quot;1&quot;:3,&quot;3&quot;:2},&quot;12&quot;:0}\">Avtorici: Jasmina Klop\u010di\u010d, Janja Smrkolj<\/span><\/p>","protected":false},"excerpt":{"rendered":"<p><span data-sheets-value=\"{&quot;1&quot;:2,&quot;2&quot;:&quot;Unikatna pletena ko\u0161ara iz srobota in \u0161ibe&quot;}\" data-sheets-userformat=\"{&quot;2&quot;:515,&quot;3&quot;:{&quot;1&quot;:0},&quot;4&quot;:{&quot;1&quot;:3,&quot;3&quot;:2},&quot;12&quot;:0}\">Unikaten ro\u010dno pleten podstavek iz kite iz li\u010dja.<\/span><\/p>","protected":false},"featured_media":61,"template":"","meta":[],"product_cat":[17],"product_tag":[31,27,28,30,29],"class_list":{"0":"post-99","1":"product","2":"type-product","3":"status-publish","4":"has-post-thumbnail","6":"product_cat-pletarski-izdelki","7":"product_tag-izrocilo","8":"product_tag-kosara","9":"product_tag-pleteni-izdelki","10":"product_tag-rokodelstvo","11":"product_tag-tradicionalni-izdelki","13":"first","14":"instock","15":"shipping-taxable","16":"purchasable","17":"product-type-simple"},"jetpack_sharing_enabled":true,"x_featured_media":"https:\/\/trgovina.izrocilo.si\/wp-content\/uploads\/2023\/05\/Izdelki_Foto-VSS-Sezana_20230414-DSC00062-Edit-150x150.jpg","x_featured_media_medium":"https:\/\/trgovina.izrocilo.si\/wp-content\/uploads\/2023\/05\/Izdelki_Foto-VSS-Sezana_20230414-DSC00062-Edit-300x200.jpg","x_featured_media_large":"https:\/\/trgovina.izrocilo.si\/wp-content\/uploads\/2023\/05\/Izdelki_Foto-VSS-Sezana_20230414-DSC00062-Edit-1024x682.jpg","x_featured_media_original":"https:\/\/trgovina.izrocilo.si\/wp-content\/uploads\/2023\/05\/Izdelki_Foto-VSS-Sezana_20230414-DSC00062-Edit.jpg","x_date":"18\/05\/2023","x_metadata":{"_sku":"1-1-16","_regular_price":"20","total_sales":"0","_tax_status":"taxable","_tax_class":"","_manage_stock":"no","_backorders":"no","_sold_individually":"no","_weight":"0.060","_length":"18","_width":"16","_height":"0.5","_virtual":"no","_downloadable":"no","_download_limit":"0","_download_expiry":"0","_thumbnail_id":"61","_stock":"","_stock_status":"instock","_wc_average_rating":"0","_wc_review_count":"0","_product_attributes":{"dimensions":{"name":"dimensions","value":"18 x 16 cm","position":0,"is_visible":1,"is_variation":1,"is_taxonomy":0},"material":{"name":"material","value":"li\u010dje","position":1,"is_visible":1,"is_variation":1,"is_taxonomy":0},"modelid":{"name":"modelId","value":"podstavek2","position":2,"is_visible":1,"is_variation":1,"is_taxonomy":0}},"_product_version":"7.7.0","_price":"20","_wpcom_is_markdown":"1","_last_editor_used_jetpack":"classic-editor","speedycache_post_meta":[],"_wc_pinterest_condition":"new","_wc_pinterest_google_product_category":"Home & Garden > Decor > Decorative Trays"},"_links":{"self":[{"href":"https:\/\/trgovina.izrocilo.si\/en\/wp-json\/wp\/v2\/product\/99","targetHints":{"allow":["GET"]}}],"collection":[{"href":"https:\/\/trgovina.izrocilo.si\/en\/wp-json\/wp\/v2\/product"}],"about":[{"href":"https:\/\/trgovina.izrocilo.si\/en\/wp-json\/wp\/v2\/types\/product"}],"wp:featuredmedia":[{"embeddable":true,"href":"https:\/\/trgovina.izrocilo.si\/en\/wp-json\/wp\/v2\/media\/61"}],"wp:attachment":[{"href":"https:\/\/trgovina.izrocilo.si\/en\/wp-json\/wp\/v2\/media?parent=99"}],"wp:term":[{"taxonomy":"product_cat","embeddable":true,"href":"https:\/\/trgovina.izrocilo.si\/en\/wp-json\/wp\/v2\/product_cat?post=99"},{"taxonomy":"product_tag","embeddable":true,"href":"https:\/\/trgovina.izrocilo.si\/en\/wp-json\/wp\/v2\/product_tag?post=99"}],"curies":[{"name":"wp","href":"https:\/\/api.w.org\/{rel}","templated":true}]}}