{"id":94,"date":"2023-05-18T09:51:45","date_gmt":"2023-05-18T07:51:45","guid":{"rendered":"https:\/\/trgovina.izrocilo.si\/?post_type=product&#038;p=94"},"modified":"2023-05-22T10:19:07","modified_gmt":"2023-05-22T08:19:07","slug":"moznar","status":"publish","type":"product","link":"https:\/\/trgovina.izrocilo.si\/en\/shop\/kamnoseski-izdelki\/moznar\/","title":{"rendered":"Mo\u017enar"},"content":{"rendered":"<p>Kamnit mo\u017enar oziroma terilnik avtorja Jerneja Bortolata je tako prakti\u010den kot tudi estetski kos. Uporabite ga za drobljenje in mletje za\u010dimb ter drugih sestavin, obenem pa bo izstopal kot prefinjen okrasni element v va\u0161i kuhinji ali na va\u0161em pultu. Vsak kamnit mo\u017enar je ro\u010dno izklesan iz kra\u0161kega kamna, kar prina\u0161a unikatno obliko in detajle, ki iz\u017earevajo kamnose\u0161ko izro\u010dilo Krasa.<\/p>\n<p>Ta izdelek je ve\u010d kot le funkcionalno orodje. Je izraz na\u0161e dedi\u0161\u010dine, saj so kamniti mo\u017enarji in terilniki pomembni del na\u0161e kulture in na\u010dina priprave hrane \u017ee stoletja. Z nakupom tega mo\u017enarja\/terilnika podpirate tradicionalne obrti in ohranjate dragoceno znanje, ki se prena\u0161a iz roda v rod.<\/p>\n<p>Avtor: Jernej Bortolato<\/p>","protected":false},"excerpt":{"rendered":"<p><span data-sheets-value=\"{&quot;1&quot;:2,&quot;2&quot;:&quot;Ro\u010dno izdelan kamnit mo\u017enar\/terilnik.&quot;}\" data-sheets-userformat=\"{&quot;2&quot;:515,&quot;3&quot;:{&quot;1&quot;:0},&quot;4&quot;:{&quot;1&quot;:3,&quot;3&quot;:2},&quot;12&quot;:0}\">Ro\u010dno izdelan kamnit mo\u017enar\/terilnik.<\/span><\/p>","protected":false},"featured_media":66,"template":"","meta":[],"product_cat":[16],"product_tag":[31,35,33,36,34,30,29],"class_list":{"0":"post-94","1":"product","2":"type-product","3":"status-publish","4":"has-post-thumbnail","6":"product_cat-kamnoseski-izdelki","7":"product_tag-izrocilo","8":"product_tag-kamen","9":"product_tag-kamniti-izdelki","10":"product_tag-kamnosestvo","11":"product_tag-kras","12":"product_tag-rokodelstvo","13":"product_tag-tradicionalni-izdelki","15":"first","16":"onbackorder","17":"shipping-taxable","18":"product-type-simple"},"jetpack_sharing_enabled":true,"x_featured_media":"https:\/\/trgovina.izrocilo.si\/wp-content\/uploads\/2023\/05\/Izdelki_Foto-VSS-Sezana_20230414-DSC00103-Edit-150x150.jpg","x_featured_media_medium":"https:\/\/trgovina.izrocilo.si\/wp-content\/uploads\/2023\/05\/Izdelki_Foto-VSS-Sezana_20230414-DSC00103-Edit-300x200.jpg","x_featured_media_large":"https:\/\/trgovina.izrocilo.si\/wp-content\/uploads\/2023\/05\/Izdelki_Foto-VSS-Sezana_20230414-DSC00103-Edit-1024x682.jpg","x_featured_media_original":"https:\/\/trgovina.izrocilo.si\/wp-content\/uploads\/2023\/05\/Izdelki_Foto-VSS-Sezana_20230414-DSC00103-Edit.jpg","x_date":"18\/05\/2023","x_metadata":{"_sku":"1-1-12","total_sales":"0","_tax_status":"taxable","_tax_class":"","_manage_stock":"no","_backorders":"no","_sold_individually":"no","_weight":"1.58","_length":"11","_width":"14","_height":"10","_virtual":"no","_downloadable":"no","_download_limit":"0","_download_expiry":"0","_thumbnail_id":"66","_stock":"","_stock_status":"onbackorder","_wc_average_rating":"0","_wc_review_count":"0","_product_attributes":{"dimensions":{"name":"dimensions","value":"11 x 10 cm; 14 x 4 cm","position":0,"is_visible":1,"is_variation":1,"is_taxonomy":0},"material":{"name":"material","value":"kamen","position":1,"is_visible":1,"is_variation":1,"is_taxonomy":0},"modelid":{"name":"modelId","value":"10","position":2,"is_visible":1,"is_variation":1,"is_taxonomy":0},"externalshopurl":{"name":"externalShopUrl","value":"https:\/\/www.bortolato.si\/ponudba.html","position":3,"is_visible":1,"is_variation":1,"is_taxonomy":0}},"_product_version":"7.7.0","_wpcom_is_markdown":"1","_last_editor_used_jetpack":"classic-editor","speedycache_post_meta":[],"_wc_pinterest_condition":"new","_wc_pinterest_google_product_category":"Home & Garden > Kitchen & Dining > Kitchen Tools & Utensils > Mortars & Pestles"},"_links":{"self":[{"href":"https:\/\/trgovina.izrocilo.si\/en\/wp-json\/wp\/v2\/product\/94","targetHints":{"allow":["GET"]}}],"collection":[{"href":"https:\/\/trgovina.izrocilo.si\/en\/wp-json\/wp\/v2\/product"}],"about":[{"href":"https:\/\/trgovina.izrocilo.si\/en\/wp-json\/wp\/v2\/types\/product"}],"wp:featuredmedia":[{"embeddable":true,"href":"https:\/\/trgovina.izrocilo.si\/en\/wp-json\/wp\/v2\/media\/66"}],"wp:attachment":[{"href":"https:\/\/trgovina.izrocilo.si\/en\/wp-json\/wp\/v2\/media?parent=94"}],"wp:term":[{"taxonomy":"product_cat","embeddable":true,"href":"https:\/\/trgovina.izrocilo.si\/en\/wp-json\/wp\/v2\/product_cat?post=94"},{"taxonomy":"product_tag","embeddable":true,"href":"https:\/\/trgovina.izrocilo.si\/en\/wp-json\/wp\/v2\/product_tag?post=94"}],"curies":[{"name":"wp","href":"https:\/\/api.w.org\/{rel}","templated":true}]}}