{"id":91,"date":"2023-05-18T09:25:12","date_gmt":"2023-05-18T07:25:12","guid":{"rendered":"https:\/\/trgovina.izrocilo.si\/?post_type=product&#038;p=91"},"modified":"2023-05-22T10:20:38","modified_gmt":"2023-05-22T08:20:38","slug":"kamnit-kroznik","status":"publish","type":"product","link":"https:\/\/trgovina.izrocilo.si\/en\/shop\/kamnoseski-izdelki\/kamnit-kroznik\/","title":{"rendered":"Kamnit kro\u017enik"},"content":{"rendered":"<p>Kamnit kro\u017enik avtorja Jerneja Bortolata je tako funkcionalen kot tudi estetski kos. Uporabite ga za postre\u017ebo hrane, pripravo prigrizkov ali pa ga postavite kot dekorativni element v va\u0161em domu. Njegova tekstura, vzorec in edinstvena naravna lepota bodo zagotovo pritegnili pozornost.<\/p>\n<p>Odkrijte \u010dar tradicionalne obrti in kulturne dedi\u0161\u010dine z ro\u010dno izdelanim kamnitim kro\u017enikom iz kra\u0161kega kamna. Vsak nakup podpira ohranjanje na\u0161e dedi\u0161\u010dine ter prispeva k spo\u0161tovanju tradicionalnih obrti in izjemnosti avtorjevega dela. S tem kamnitim kro\u017enikom vnesite pridih avtenti\u010dnosti in izrazite svojo povezanost z na\u0161o kulturno dedi\u0161\u010dino.<\/p>\n<p>Avtor: Jernej Bortolato<\/p>","protected":false},"excerpt":{"rendered":"<p><span data-sheets-value=\"{&quot;1&quot;:2,&quot;2&quot;:&quot;Ro\u010dno izdelan kamnit kro\u017enik.&quot;}\" data-sheets-userformat=\"{&quot;2&quot;:515,&quot;3&quot;:{&quot;1&quot;:0},&quot;4&quot;:{&quot;1&quot;:3,&quot;3&quot;:2},&quot;12&quot;:0}\">Ro\u010dno izdelan kamnit kro\u017enik.<\/span><\/p>","protected":false},"featured_media":67,"template":"","meta":[],"product_cat":[16],"product_tag":[31,35,33,36,34,30,29],"class_list":{"0":"post-91","1":"product","2":"type-product","3":"status-publish","4":"has-post-thumbnail","6":"product_cat-kamnoseski-izdelki","7":"product_tag-izrocilo","8":"product_tag-kamen","9":"product_tag-kamniti-izdelki","10":"product_tag-kamnosestvo","11":"product_tag-kras","12":"product_tag-rokodelstvo","13":"product_tag-tradicionalni-izdelki","15":"first","16":"onbackorder","17":"shipping-taxable","18":"product-type-simple"},"jetpack_sharing_enabled":true,"x_featured_media":"https:\/\/trgovina.izrocilo.si\/wp-content\/uploads\/2023\/05\/Izdelki_Foto-VSS-Sezana_DSC00030-Edit-150x150.jpg","x_featured_media_medium":"https:\/\/trgovina.izrocilo.si\/wp-content\/uploads\/2023\/05\/Izdelki_Foto-VSS-Sezana_DSC00030-Edit-300x200.jpg","x_featured_media_large":"https:\/\/trgovina.izrocilo.si\/wp-content\/uploads\/2023\/05\/Izdelki_Foto-VSS-Sezana_DSC00030-Edit-1024x682.jpg","x_featured_media_original":"https:\/\/trgovina.izrocilo.si\/wp-content\/uploads\/2023\/05\/Izdelki_Foto-VSS-Sezana_DSC00030-Edit.jpg","x_date":"18\/05\/2023","x_metadata":{"_sku":"1-1-11","total_sales":"0","_tax_status":"taxable","_tax_class":"","_manage_stock":"no","_backorders":"no","_sold_individually":"no","_weight":"1.28","_length":"23","_width":"23","_height":"3","_virtual":"no","_downloadable":"no","_download_limit":"0","_download_expiry":"0","_thumbnail_id":"67","_stock":"","_stock_status":"onbackorder","_wc_average_rating":"0","_wc_review_count":"0","_product_attributes":{"dimensions":{"name":"dimensions","value":"23 x 3 cm","position":0,"is_visible":1,"is_variation":1,"is_taxonomy":0},"material":{"name":"material","value":"kamen","position":1,"is_visible":1,"is_variation":1,"is_taxonomy":0},"externalshopurl":{"name":"externalShopUrl","value":"https:\/\/www.bortolato.si\/ponudba.html","position":3,"is_visible":1,"is_variation":1,"is_taxonomy":0}},"_product_version":"7.7.0","_wpcom_is_markdown":"1","_last_editor_used_jetpack":"classic-editor","speedycache_post_meta":[],"_wc_pinterest_condition":"new","_wc_pinterest_google_product_category":"Home & Garden > Decor > Decorative Plates"},"_links":{"self":[{"href":"https:\/\/trgovina.izrocilo.si\/en\/wp-json\/wp\/v2\/product\/91","targetHints":{"allow":["GET"]}}],"collection":[{"href":"https:\/\/trgovina.izrocilo.si\/en\/wp-json\/wp\/v2\/product"}],"about":[{"href":"https:\/\/trgovina.izrocilo.si\/en\/wp-json\/wp\/v2\/types\/product"}],"wp:featuredmedia":[{"embeddable":true,"href":"https:\/\/trgovina.izrocilo.si\/en\/wp-json\/wp\/v2\/media\/67"}],"wp:attachment":[{"href":"https:\/\/trgovina.izrocilo.si\/en\/wp-json\/wp\/v2\/media?parent=91"}],"wp:term":[{"taxonomy":"product_cat","embeddable":true,"href":"https:\/\/trgovina.izrocilo.si\/en\/wp-json\/wp\/v2\/product_cat?post=91"},{"taxonomy":"product_tag","embeddable":true,"href":"https:\/\/trgovina.izrocilo.si\/en\/wp-json\/wp\/v2\/product_tag?post=91"}],"curies":[{"name":"wp","href":"https:\/\/api.w.org\/{rel}","templated":true}]}}