{"id":90,"date":"2023-05-18T09:20:10","date_gmt":"2023-05-18T07:20:10","guid":{"rendered":"https:\/\/trgovina.izrocilo.si\/?post_type=product&#038;p=90"},"modified":"2023-05-22T10:26:01","modified_gmt":"2023-05-22T08:26:01","slug":"kamnita-skleda","status":"publish","type":"product","link":"https:\/\/trgovina.izrocilo.si\/en\/shop\/kamnoseski-izdelki\/kamnita-skleda\/","title":{"rendered":"Kamnita skleda"},"content":{"rendered":"<p>Ro\u010dno izdelana kamnita skleda avtorja Jerneja Bortolata je tako uporabna kot tudi estetska. Uporabite jo za postre\u017ebo sadja ali odlaganje osebnih dragocenosti ter obogatite svoj prostor s pridihom avtenti\u010dnosti. Hkrati pa bo kot umetni\u0161ki kos pritegnila pozornost s svojo edinstveno lepoto in vzdu\u0161jem. Vsaka kamnita skleda je natan\u010dno oblikovana in izklesana iz kra\u0161kega kamna. Ro\u010dno delo prina\u0161a skledi edinstveno teksturo, vzorce in estetiko, ki iz\u017eareva na\u0161o bogato kulturno dedi\u0161\u010dino.<\/p>\n<p>Avtor: Jernej Bortolato<\/p>","protected":false},"excerpt":{"rendered":"<p><span data-sheets-value=\"{&quot;1&quot;:2,&quot;2&quot;:&quot;Unikatna ro\u010dno izdelana kamnita miniatura tradicionalne posode za mast.&quot;}\" data-sheets-userformat=\"{&quot;2&quot;:513,&quot;3&quot;:{&quot;1&quot;:0},&quot;12&quot;:0}\">Unikatna ro\u010dno izdelana kamnita miniatura tradicionalne posode za mast.<\/span><\/p>","protected":false},"featured_media":51,"template":"","meta":[],"product_cat":[16],"product_tag":[31,35,33,36,34,30,29],"class_list":{"0":"post-90","1":"product","2":"type-product","3":"status-publish","4":"has-post-thumbnail","6":"product_cat-kamnoseski-izdelki","7":"product_tag-izrocilo","8":"product_tag-kamen","9":"product_tag-kamniti-izdelki","10":"product_tag-kamnosestvo","11":"product_tag-kras","12":"product_tag-rokodelstvo","13":"product_tag-tradicionalni-izdelki","15":"first","16":"onbackorder","17":"shipping-taxable","18":"product-type-simple"},"jetpack_sharing_enabled":true,"x_featured_media":"https:\/\/trgovina.izrocilo.si\/wp-content\/uploads\/2023\/05\/Izdelki_Foto-VSS-Sezana_20230414-DSC00047-Edit-150x150.jpg","x_featured_media_medium":"https:\/\/trgovina.izrocilo.si\/wp-content\/uploads\/2023\/05\/Izdelki_Foto-VSS-Sezana_20230414-DSC00047-Edit-300x200.jpg","x_featured_media_large":"https:\/\/trgovina.izrocilo.si\/wp-content\/uploads\/2023\/05\/Izdelki_Foto-VSS-Sezana_20230414-DSC00047-Edit-1024x682.jpg","x_featured_media_original":"https:\/\/trgovina.izrocilo.si\/wp-content\/uploads\/2023\/05\/Izdelki_Foto-VSS-Sezana_20230414-DSC00047-Edit.jpg","x_date":"18\/05\/2023","x_metadata":{"_sku":"1-1-8-1","total_sales":"0","_tax_status":"taxable","_tax_class":"","_manage_stock":"no","_backorders":"no","_sold_individually":"no","_weight":"0.775","_length":"10","_width":"10","_height":"9","_virtual":"no","_downloadable":"no","_download_limit":"0","_download_expiry":"0","_thumbnail_id":"51","_stock":"","_stock_status":"onbackorder","_wc_average_rating":"0","_wc_review_count":"0","_product_attributes":{"dimensions":{"name":"dimensions","value":"16 x 5 cm","position":0,"is_visible":1,"is_variation":1,"is_taxonomy":0},"material":{"name":"material","value":"kamen","position":1,"is_visible":1,"is_variation":1,"is_taxonomy":0},"modelid":{"name":"modelId","value":"9","position":2,"is_visible":1,"is_variation":1,"is_taxonomy":0},"externalshopurl":{"name":"externalShopUrl","value":"https:\/\/www.bortolato.si\/ponudba.html","position":3,"is_visible":1,"is_variation":1,"is_taxonomy":0}},"_product_version":"7.7.0","_wpcom_is_markdown":"1","_last_editor_used_jetpack":"classic-editor","speedycache_post_meta":[],"_wc_pinterest_condition":"new","_wc_pinterest_google_product_category":"Home & Garden > Decor > Decorative Bowls"},"_links":{"self":[{"href":"https:\/\/trgovina.izrocilo.si\/en\/wp-json\/wp\/v2\/product\/90","targetHints":{"allow":["GET"]}}],"collection":[{"href":"https:\/\/trgovina.izrocilo.si\/en\/wp-json\/wp\/v2\/product"}],"about":[{"href":"https:\/\/trgovina.izrocilo.si\/en\/wp-json\/wp\/v2\/types\/product"}],"wp:featuredmedia":[{"embeddable":true,"href":"https:\/\/trgovina.izrocilo.si\/en\/wp-json\/wp\/v2\/media\/51"}],"wp:attachment":[{"href":"https:\/\/trgovina.izrocilo.si\/en\/wp-json\/wp\/v2\/media?parent=90"}],"wp:term":[{"taxonomy":"product_cat","embeddable":true,"href":"https:\/\/trgovina.izrocilo.si\/en\/wp-json\/wp\/v2\/product_cat?post=90"},{"taxonomy":"product_tag","embeddable":true,"href":"https:\/\/trgovina.izrocilo.si\/en\/wp-json\/wp\/v2\/product_tag?post=90"}],"curies":[{"name":"wp","href":"https:\/\/api.w.org\/{rel}","templated":true}]}}