{"id":87,"date":"2023-05-17T15:01:13","date_gmt":"2023-05-17T13:01:13","guid":{"rendered":"https:\/\/trgovina.izrocilo.si\/?post_type=product&#038;p=87"},"modified":"2023-05-22T10:02:39","modified_gmt":"2023-05-22T08:02:39","slug":"kamnita-vaza","status":"publish","type":"product","link":"https:\/\/trgovina.izrocilo.si\/en\/shop\/kamnoseski-izdelki\/kamnita-vaza\/","title":{"rendered":"Kamnita vaza"},"content":{"rendered":"<p>Kamnita vaza avtorja Jerneja Bortolata je tako uporabna kot tudi dekorativna. Postavite jo na mizo, polico ali katerikoli drug prostor v va\u0161em domu in o\u010darala vas bo s svojo preprostostjo in lepoto. Uporabite jo za prikaz cvetja ali pa jo pustite, da se sama izrazi kot umetni\u0161ki kos. Vsaka kamnita vaza je skrbno oblikovana in izklesana iz kra\u0161kega kamna. Ro\u010dno delo Jerneja Bortolata prina\u0161a vazo edinstveno eleganco in unikatnost, ki iz\u017eareva bogato kulturno dedi\u0161\u010dino.<\/p>\n<p>Ta izdelek nosi ve\u010d kot le estetsko vrednost. Kamnita vaza predstavlja spo\u0161tovanje do naravnega okolja na\u0161ega kraja in tradicionalne obrti, ki se prena\u0161a iz roda v rod. Z nakupom te kamnite vaze podpirate ohranjanje na\u0161e dedi\u0161\u010dine ter poudarjate svojo povezanost z na\u0161o kulturo.<\/p>\n<p>Avtor: Jernej Bortolato<\/p>","protected":false},"excerpt":{"rendered":"<p>Ro\u010dno izdelana kamnita vaza.<\/p>","protected":false},"featured_media":59,"template":"","meta":[],"product_cat":[16],"product_tag":[31,35,33,36,34,30,29],"class_list":{"0":"post-87","1":"product","2":"type-product","3":"status-publish","4":"has-post-thumbnail","6":"product_cat-kamnoseski-izdelki","7":"product_tag-izrocilo","8":"product_tag-kamen","9":"product_tag-kamniti-izdelki","10":"product_tag-kamnosestvo","11":"product_tag-kras","12":"product_tag-rokodelstvo","13":"product_tag-tradicionalni-izdelki","15":"first","16":"onbackorder","17":"shipping-taxable","18":"product-type-simple"},"jetpack_sharing_enabled":true,"x_featured_media":"https:\/\/trgovina.izrocilo.si\/wp-content\/uploads\/2023\/05\/Izdelki_Foto-VSS-Sezana_20230414-DSC00053-Edit-150x150.jpg","x_featured_media_medium":"https:\/\/trgovina.izrocilo.si\/wp-content\/uploads\/2023\/05\/Izdelki_Foto-VSS-Sezana_20230414-DSC00053-Edit-300x200.jpg","x_featured_media_large":"https:\/\/trgovina.izrocilo.si\/wp-content\/uploads\/2023\/05\/Izdelki_Foto-VSS-Sezana_20230414-DSC00053-Edit-1024x682.jpg","x_featured_media_original":"https:\/\/trgovina.izrocilo.si\/wp-content\/uploads\/2023\/05\/Izdelki_Foto-VSS-Sezana_20230414-DSC00053-Edit.jpg","x_date":"17\/05\/2023","x_metadata":{"_sku":"1-1-9","total_sales":"0","_tax_status":"taxable","_tax_class":"","_manage_stock":"no","_backorders":"no","_sold_individually":"no","_weight":"0.775","_length":"9","_width":"9","_height":"17","_virtual":"no","_downloadable":"no","_download_limit":"0","_download_expiry":"0","_thumbnail_id":"59","_stock":"","_stock_status":"onbackorder","_wc_average_rating":"0","_wc_review_count":"0","_product_attributes":{"dimensions":{"name":"dimensions","value":"9 x 17 cm","position":0,"is_visible":1,"is_variation":1,"is_taxonomy":0},"material":{"name":"material","value":"kamen","position":1,"is_visible":1,"is_variation":1,"is_taxonomy":0},"modelid":{"name":"modelId","value":"8","position":2,"is_visible":1,"is_variation":1,"is_taxonomy":0},"externalshopurl":{"name":"externalShopUrl","value":"https:\/\/www.bortolato.si\/ponudba.html","position":3,"is_visible":1,"is_variation":1,"is_taxonomy":0}},"_product_version":"7.7.0","_wpcom_is_markdown":"1","_last_editor_used_jetpack":"classic-editor","speedycache_post_meta":[],"_wc_pinterest_condition":"new","_wc_pinterest_google_product_category":"Home & Garden > Decor > Vases"},"_links":{"self":[{"href":"https:\/\/trgovina.izrocilo.si\/en\/wp-json\/wp\/v2\/product\/87","targetHints":{"allow":["GET"]}}],"collection":[{"href":"https:\/\/trgovina.izrocilo.si\/en\/wp-json\/wp\/v2\/product"}],"about":[{"href":"https:\/\/trgovina.izrocilo.si\/en\/wp-json\/wp\/v2\/types\/product"}],"wp:featuredmedia":[{"embeddable":true,"href":"https:\/\/trgovina.izrocilo.si\/en\/wp-json\/wp\/v2\/media\/59"}],"wp:attachment":[{"href":"https:\/\/trgovina.izrocilo.si\/en\/wp-json\/wp\/v2\/media?parent=87"}],"wp:term":[{"taxonomy":"product_cat","embeddable":true,"href":"https:\/\/trgovina.izrocilo.si\/en\/wp-json\/wp\/v2\/product_cat?post=87"},{"taxonomy":"product_tag","embeddable":true,"href":"https:\/\/trgovina.izrocilo.si\/en\/wp-json\/wp\/v2\/product_tag?post=87"}],"curies":[{"name":"wp","href":"https:\/\/api.w.org\/{rel}","templated":true}]}}