{"id":81,"date":"2023-05-17T12:03:15","date_gmt":"2023-05-17T10:03:15","guid":{"rendered":"https:\/\/trgovina.izrocilo.si\/?post_type=product&#038;p=81"},"modified":"2023-05-22T09:34:41","modified_gmt":"2023-05-22T07:34:41","slug":"pticja-krmilnica","status":"publish","type":"product","link":"https:\/\/trgovina.izrocilo.si\/en\/shop\/pletarski-izdelki\/pticja-krmilnica\/","title":{"rendered":"Pti\u010dja krmilnica"},"content":{"rendered":"<p>Krmilnica je izdelana iz srobota, ki je lokalno pridobljen naravni material. Srobot \u017ee stoletja uporabljamo pri pletenju ko\u0161ar in podobnih izdelkov zaradi njegove trpe\u017enosti in trajnosti.\u00a0Leseni podstavek in ogrodje krmilnice sta izdelana iz lesa, ki dopolnjuje naravno lepoto srobota. Leseni elementi so oblikovani z ob\u010dutkom za eleganco in hkrati zagotavljajo stabilno podporo krmilnici.<\/p>\n<p>Na\u0161a ro\u010dno pletena pti\u010dja krmilnica iz srobota z lesenim podstavkom in ogrodjem je ve\u010d kot le prostor za pti\u010de, da si poi\u0161\u010dejo hrano. S tem izdelkom boste privabljali raznoliko ptico obiskovalko in hkrati ohranjali tradicijo ter poudarjali svojo skrb za okolje. Odkrijte edinstveno kombinacijo estetike, tradicije in narave z na\u0161o ro\u010dno pleteno pti\u010djo krmilnico iz srobota z lesenim podstavkom in ogrodjem.<\/p>\n<p>Avtorici: Jasmina Klop\u010di\u010d, Janja Smrkolj<\/p>","protected":false},"excerpt":{"rendered":"<p>Ro\u010dno pletena pti\u010dja krmilnica iz srobota z lesenim podstavkom in ogrodjem.<\/p>","protected":false},"featured_media":60,"template":"","meta":[],"product_cat":[17],"product_tag":[31,28,32,30,29],"class_list":{"0":"post-81","1":"product","2":"type-product","3":"status-publish","4":"has-post-thumbnail","6":"product_cat-pletarski-izdelki","7":"product_tag-izrocilo","8":"product_tag-pleteni-izdelki","9":"product_tag-pticja-krmilnica","10":"product_tag-rokodelstvo","11":"product_tag-tradicionalni-izdelki","13":"first","14":"instock","15":"shipping-taxable","16":"purchasable","17":"product-type-simple"},"jetpack_sharing_enabled":true,"x_featured_media":"https:\/\/trgovina.izrocilo.si\/wp-content\/uploads\/2023\/05\/Izdelki_Foto-VSS-Sezana_20230414-DSC00056-2-Edit-150x150.jpg","x_featured_media_medium":"https:\/\/trgovina.izrocilo.si\/wp-content\/uploads\/2023\/05\/Izdelki_Foto-VSS-Sezana_20230414-DSC00056-2-Edit-300x200.jpg","x_featured_media_large":"https:\/\/trgovina.izrocilo.si\/wp-content\/uploads\/2023\/05\/Izdelki_Foto-VSS-Sezana_20230414-DSC00056-2-Edit-1024x682.jpg","x_featured_media_original":"https:\/\/trgovina.izrocilo.si\/wp-content\/uploads\/2023\/05\/Izdelki_Foto-VSS-Sezana_20230414-DSC00056-2-Edit.jpg","x_date":"17\/05\/2023","x_metadata":{"_sku":"1-1-5","_regular_price":"35","total_sales":"0","_tax_status":"taxable","_tax_class":"","_manage_stock":"no","_backorders":"no","_sold_individually":"no","_weight":"1","_length":"15","_width":"15","_height":"17","_virtual":"no","_downloadable":"no","_download_limit":"0","_download_expiry":"0","_thumbnail_id":"60","_stock":"","_stock_status":"instock","_wc_average_rating":"0","_wc_review_count":"0","_product_attributes":{"dimensions":{"name":"dimensions","value":"15 x 17 cm","position":0,"is_visible":1,"is_variation":1,"is_taxonomy":0},"material":{"name":"material","value":"les","position":1,"is_visible":1,"is_variation":1,"is_taxonomy":0},"modelid":{"name":"modelId","value":"4","position":2,"is_visible":1,"is_variation":1,"is_taxonomy":0}},"_product_version":"7.7.0","_price":"35","_wpcom_is_markdown":"1","_last_editor_used_jetpack":"classic-editor","speedycache_post_meta":[],"_purchase_note":"Hvala za nakup!","_wc_pinterest_condition":"new","_wc_pinterest_google_product_category":"Home & Garden > Decor > Bird & Wildlife Feeders > Bird Feeders"},"_links":{"self":[{"href":"https:\/\/trgovina.izrocilo.si\/en\/wp-json\/wp\/v2\/product\/81","targetHints":{"allow":["GET"]}}],"collection":[{"href":"https:\/\/trgovina.izrocilo.si\/en\/wp-json\/wp\/v2\/product"}],"about":[{"href":"https:\/\/trgovina.izrocilo.si\/en\/wp-json\/wp\/v2\/types\/product"}],"wp:featuredmedia":[{"embeddable":true,"href":"https:\/\/trgovina.izrocilo.si\/en\/wp-json\/wp\/v2\/media\/60"}],"wp:attachment":[{"href":"https:\/\/trgovina.izrocilo.si\/en\/wp-json\/wp\/v2\/media?parent=81"}],"wp:term":[{"taxonomy":"product_cat","embeddable":true,"href":"https:\/\/trgovina.izrocilo.si\/en\/wp-json\/wp\/v2\/product_cat?post=81"},{"taxonomy":"product_tag","embeddable":true,"href":"https:\/\/trgovina.izrocilo.si\/en\/wp-json\/wp\/v2\/product_tag?post=81"}],"curies":[{"name":"wp","href":"https:\/\/api.w.org\/{rel}","templated":true}]}}