{"id":80,"date":"2023-05-17T11:54:48","date_gmt":"2023-05-17T09:54:48","guid":{"rendered":"https:\/\/trgovina.izrocilo.si\/?post_type=product&#038;p=80"},"modified":"2023-05-22T09:36:56","modified_gmt":"2023-05-22T07:36:56","slug":"kosarica-iz-slame","status":"publish","type":"product","link":"https:\/\/trgovina.izrocilo.si\/en\/shop\/pletarski-izdelki\/kosarica-iz-slame\/","title":{"rendered":"Ko\u0161arica iz slame"},"content":{"rendered":"<p>Na\u0161a \u0161estkotna pletena ko\u0161arica iz slame je ve\u010d kot le funkcionalen kos za shranjevanje. Je pravi umetni\u0161ki izdelek, ki prikli\u010de du\u0161o na\u0161e kulture in izra\u017ea na\u0161o ljubezen do tradicije. Uporabite jo lahko za shranjevanje majhnih predmetov, kot so klju\u010di, nakit ali druge dragocenosti, hkrati pa bo ko\u0161arica pritegnila pozornost in pripovedovala zgodbo o na\u0161em dedi\u0161\u010dini.<\/p>\n<p>Ponovno odkrijte \u010dar tradicionalnega pletenja in kulturne dedi\u0161\u010dine z na\u0161o pleteno ko\u0161arico iz slame. Vsaka ko\u0161arica je unikatna in nosi pe\u010dat na\u0161e dedi\u0161\u010dine. Nakup te ko\u0161arice podpira ohranjanje tradicionalnih obrti ter spo\u0161tovanje naravnega in kulturnega bogastva.<\/p>\n<p>Avtorici: Jasmina Klop\u010di\u010d, Janja Smrkolj<\/p>","protected":false},"excerpt":{"rendered":"<p>\u0160est kotna pletena ko\u0161arica iz slame.<\/p>","protected":false},"featured_media":77,"template":"","meta":[],"product_cat":[17],"product_tag":[31,27,28,30,29],"class_list":{"0":"post-80","1":"product","2":"type-product","3":"status-publish","4":"has-post-thumbnail","6":"product_cat-pletarski-izdelki","7":"product_tag-izrocilo","8":"product_tag-kosara","9":"product_tag-pleteni-izdelki","10":"product_tag-rokodelstvo","11":"product_tag-tradicionalni-izdelki","13":"first","14":"instock","15":"shipping-taxable","16":"purchasable","17":"product-type-simple"},"jetpack_sharing_enabled":true,"x_featured_media":"https:\/\/trgovina.izrocilo.si\/wp-content\/uploads\/2023\/05\/Izdelki_Foto-VSS-Sezana_20230414-DSC00053-2-Edit-1-150x150.jpg","x_featured_media_medium":"https:\/\/trgovina.izrocilo.si\/wp-content\/uploads\/2023\/05\/Izdelki_Foto-VSS-Sezana_20230414-DSC00053-2-Edit-1-300x200.jpg","x_featured_media_large":"https:\/\/trgovina.izrocilo.si\/wp-content\/uploads\/2023\/05\/Izdelki_Foto-VSS-Sezana_20230414-DSC00053-2-Edit-1-1024x683.jpg","x_featured_media_original":"https:\/\/trgovina.izrocilo.si\/wp-content\/uploads\/2023\/05\/Izdelki_Foto-VSS-Sezana_20230414-DSC00053-2-Edit-1-scaled.jpg","x_date":"17\/05\/2023","x_metadata":{"_sku":"1-1-4","_regular_price":"25","total_sales":"0","_tax_status":"taxable","_tax_class":"","_manage_stock":"no","_backorders":"no","_sold_individually":"no","_weight":"1","_length":"15","_width":"15","_height":"8","_virtual":"no","_downloadable":"no","_download_limit":"0","_download_expiry":"0","_thumbnail_id":"77","_stock":"","_stock_status":"instock","_wc_average_rating":"0","_wc_review_count":"0","_product_attributes":{"dimensions":{"name":"dimensions","value":"15 x 8 cm","position":0,"is_visible":1,"is_variation":1,"is_taxonomy":0},"material":{"name":"material","value":"slama","position":1,"is_visible":1,"is_variation":1,"is_taxonomy":0},"modelid":{"name":"modelId","value":"3","position":2,"is_visible":1,"is_variation":1,"is_taxonomy":0}},"_product_version":"7.7.0","_price":"25","_wpcom_is_markdown":"1","_last_editor_used_jetpack":"classic-editor","speedycache_post_meta":[]},"_links":{"self":[{"href":"https:\/\/trgovina.izrocilo.si\/en\/wp-json\/wp\/v2\/product\/80","targetHints":{"allow":["GET"]}}],"collection":[{"href":"https:\/\/trgovina.izrocilo.si\/en\/wp-json\/wp\/v2\/product"}],"about":[{"href":"https:\/\/trgovina.izrocilo.si\/en\/wp-json\/wp\/v2\/types\/product"}],"wp:featuredmedia":[{"embeddable":true,"href":"https:\/\/trgovina.izrocilo.si\/en\/wp-json\/wp\/v2\/media\/77"}],"wp:attachment":[{"href":"https:\/\/trgovina.izrocilo.si\/en\/wp-json\/wp\/v2\/media?parent=80"}],"wp:term":[{"taxonomy":"product_cat","embeddable":true,"href":"https:\/\/trgovina.izrocilo.si\/en\/wp-json\/wp\/v2\/product_cat?post=80"},{"taxonomy":"product_tag","embeddable":true,"href":"https:\/\/trgovina.izrocilo.si\/en\/wp-json\/wp\/v2\/product_tag?post=80"}],"curies":[{"name":"wp","href":"https:\/\/api.w.org\/{rel}","templated":true}]}}