{"id":74,"date":"2023-05-17T11:34:36","date_gmt":"2023-05-17T09:34:36","guid":{"rendered":"https:\/\/trgovina.izrocilo.si\/?post_type=product&#038;p=74"},"modified":"2023-05-22T09:41:55","modified_gmt":"2023-05-22T07:41:55","slug":"zbrinca","status":"publish","type":"product","link":"https:\/\/trgovina.izrocilo.si\/en\/shop\/pletarski-izdelki\/zbrinca\/","title":{"rendered":"\u017dbrinca"},"content":{"rendered":"<p>Miniaturna tradicionalna \u017ebrinca iz beke in drena je ve\u010d kot le okrasni kos. Je pristen simbol na\u0161e dedi\u0161\u010dine, ki ohranja \u017eivo zgodovino preteklosti. Lahko jo uporabite kot dekorativni element, ki bo dodal pridih avtenti\u010dnosti va\u0161emu domu, ali pa kot edinstven spominek, ki bo izrazil va\u0161o povezanost s kulturo in dedi\u0161\u010dino.<\/p>\n<p>Ponovno odkrijte \u010dar tradicionalnega pletenja in kulturne dedi\u0161\u010dine z na\u0161o miniaturno tradicionalno \u017ebrinco iz beke in drena. Vsak nakup podpira ohranjanje na\u0161e dedi\u0161\u010dine ter prispeva k ohranjanju tradicionalnih obrti in znanja. Pustite, da vam ta miniaturna \u017ebrinca pri\u010dara toplino in zgodovino na\u0161ega tradicionalnega na\u010dina \u017eivljenja.<\/p>\n<p>Avtorici: Jasmina Klop\u010di\u010d, Janja Smrkolj<\/p>","protected":false},"excerpt":{"rendered":"<p>Miniaturna tradicionalna \u017ebrinca pletena iz beke in drena.<\/p>","protected":false},"featured_media":50,"template":"","meta":[],"product_cat":[17],"product_tag":[31,27,28,30,29],"class_list":{"0":"post-74","1":"product","2":"type-product","3":"status-publish","4":"has-post-thumbnail","6":"product_cat-pletarski-izdelki","7":"product_tag-izrocilo","8":"product_tag-kosara","9":"product_tag-pleteni-izdelki","10":"product_tag-rokodelstvo","11":"product_tag-tradicionalni-izdelki","13":"first","14":"instock","15":"shipping-taxable","16":"purchasable","17":"product-type-simple"},"jetpack_sharing_enabled":true,"x_featured_media":"https:\/\/trgovina.izrocilo.si\/wp-content\/uploads\/2023\/05\/Izdelki_Foto-VSS-Sezana_20230414-DSC00041-Edit-150x150.jpg","x_featured_media_medium":"https:\/\/trgovina.izrocilo.si\/wp-content\/uploads\/2023\/05\/Izdelki_Foto-VSS-Sezana_20230414-DSC00041-Edit-300x200.jpg","x_featured_media_large":"https:\/\/trgovina.izrocilo.si\/wp-content\/uploads\/2023\/05\/Izdelki_Foto-VSS-Sezana_20230414-DSC00041-Edit-1024x682.jpg","x_featured_media_original":"https:\/\/trgovina.izrocilo.si\/wp-content\/uploads\/2023\/05\/Izdelki_Foto-VSS-Sezana_20230414-DSC00041-Edit.jpg","x_date":"17\/05\/2023","x_metadata":{"_sku":"1-1-3","_regular_price":"35.00","total_sales":"0","_tax_status":"taxable","_tax_class":"","_manage_stock":"no","_backorders":"no","_sold_individually":"no","_weight":"1","_length":"10","_width":"10","_height":"10","_virtual":"no","_downloadable":"no","_download_limit":"0","_download_expiry":"0","_stock":"","_stock_status":"instock","_wc_average_rating":"0","_wc_review_count":"0","_product_attributes":{"dimensions":{"name":"dimensions","value":"21 x 9 cm","position":0,"is_visible":1,"is_variation":1,"is_taxonomy":0},"material":{"name":"material","value":"beka, dren","position":1,"is_visible":1,"is_variation":1,"is_taxonomy":0},"modelid":{"name":"modelId","value":"2","position":2,"is_visible":1,"is_variation":1,"is_taxonomy":0}},"_product_version":"7.7.0","_price":"35.00","_wpcom_is_markdown":"1","_last_editor_used_jetpack":"classic-editor","speedycache_post_meta":[],"_purchase_note":"Hvala za nakup!","_wc_pinterest_condition":"new","_wc_pinterest_google_product_category":"Home & Garden > Decor > Baskets","_thumbnail_id":"50"},"_links":{"self":[{"href":"https:\/\/trgovina.izrocilo.si\/en\/wp-json\/wp\/v2\/product\/74","targetHints":{"allow":["GET"]}}],"collection":[{"href":"https:\/\/trgovina.izrocilo.si\/en\/wp-json\/wp\/v2\/product"}],"about":[{"href":"https:\/\/trgovina.izrocilo.si\/en\/wp-json\/wp\/v2\/types\/product"}],"wp:featuredmedia":[{"embeddable":true,"href":"https:\/\/trgovina.izrocilo.si\/en\/wp-json\/wp\/v2\/media\/50"}],"wp:attachment":[{"href":"https:\/\/trgovina.izrocilo.si\/en\/wp-json\/wp\/v2\/media?parent=74"}],"wp:term":[{"taxonomy":"product_cat","embeddable":true,"href":"https:\/\/trgovina.izrocilo.si\/en\/wp-json\/wp\/v2\/product_cat?post=74"},{"taxonomy":"product_tag","embeddable":true,"href":"https:\/\/trgovina.izrocilo.si\/en\/wp-json\/wp\/v2\/product_tag?post=74"}],"curies":[{"name":"wp","href":"https:\/\/api.w.org\/{rel}","templated":true}]}}