{"id":219,"date":"2024-08-23T11:11:21","date_gmt":"2024-08-23T09:11:21","guid":{"rendered":"https:\/\/trgovina.izrocilo.si\/?post_type=product&#038;p=219"},"modified":"2024-08-26T18:24:39","modified_gmt":"2024-08-26T16:24:39","slug":"spletna-delavnica-vencki-svetega-ivana","status":"publish","type":"product","link":"https:\/\/trgovina.izrocilo.si\/en\/shop\/delavnice\/spletna-delavnica-vencki-svetega-ivana\/","title":{"rendered":"Spletna delavnica: ven\u010dki svetega Ivana"},"content":{"rendered":"<p>V spletni delavnici bomo spoznavali tradicionalne tehnike pletenja ven\u010dkov, kot se jih plete na kresni ve\u010der na Krasu. Gre za star obi\u010daj, povezan z naravo in praznovanjem poletnega solsticija. Na delavnici bomo prikazali korak za korakom, kako pripraviti obro\u010dke in spletati ven\u010dke iz razli\u010dnih rastlin, kot so ostra homuljica, \u0161entjan\u017eevka in druge. Spoznali boste tudi simboliko ven\u010dkov in pomen posameznih rastlin.<\/p>\n<p>Video delavnica je nastala v sklopu projekta &#8220;Ven\u010dki svetega Ivana na Krasu&#8221;, ki ga sofinancira Ministrstvo za kulturo v sklopu Javnega razpisa za izbor javnih kulturnih projektov na podro\u010dju nesnovne kulturne dedi\u0161\u010dine, ki jih v letu 2024 sofinancira Republika Slovenija iz prora\u010duna, namenjenega kulturi (JPR-NKD 2024). Nosilec projekta in subjekt, odgovoren za njegovo izvajanje, je Dru\u0161tvo Ven\u010dek iz \u0160tanjela.<\/p>","protected":false},"excerpt":{"rendered":"<h6><strong>Spoznajte tehnike pletenja\u00a0ven\u010dkov svetega Ivana, kot se jih plete na Krasu.<\/strong><\/h6>","protected":false},"featured_media":0,"template":"","meta":[],"product_cat":[19],"product_tag":[31,28,30,29],"class_list":{"0":"post-219","1":"product","2":"type-product","3":"status-publish","5":"product_cat-delavnice","6":"product_tag-izrocilo","7":"product_tag-pleteni-izdelki","8":"product_tag-rokodelstvo","9":"product_tag-tradicionalni-izdelki","11":"first","12":"onbackorder","13":"virtual","14":"product-type-simple"},"jetpack_sharing_enabled":true,"x_date":"23\/08\/2024","x_metadata":{"_sku":"1-1-24-1-2-1","total_sales":"0","_tax_status":"taxable","_tax_class":"","_manage_stock":"no","_backorders":"no","_sold_individually":"no","_weight":"0.13","_length":"35","_width":"35","_height":"0.5","_virtual":"yes","_downloadable":"no","_product_image_gallery":"220","_download_limit":"0","_download_expiry":"0","_stock":"","_stock_status":"onbackorder","_wc_average_rating":"0","_wc_review_count":"0","_product_attributes":{"externalshopurl":{"name":"externalShopUrl","value":"https:\/\/izrocilo.si\/delavnice\/spletna-delavnica-vencki.html","position":0,"is_visible":1,"is_variation":0,"is_taxonomy":0}},"_product_version":"8.4.0","_wpcom_is_markdown":"1","_last_editor_used_jetpack":"classic-editor","speedycache_post_meta":[],"_wc_pinterest_condition":"new","_wc_pinterest_google_product_category":"Home & Garden > Decor > Decorative Trays"},"x_product_image_gallery":["https:\/\/trgovina.izrocilo.si\/wp-content\/uploads\/2024\/08\/Vencek_1.1.1.jpg"],"x_slidebox":"<img src=\"https:\/\/trgovina.izrocilo.si\/wp-content\/uploads\/2024\/08\/Vencek_1.1.1.jpg\" \/>","_links":{"self":[{"href":"https:\/\/trgovina.izrocilo.si\/en\/wp-json\/wp\/v2\/product\/219","targetHints":{"allow":["GET"]}}],"collection":[{"href":"https:\/\/trgovina.izrocilo.si\/en\/wp-json\/wp\/v2\/product"}],"about":[{"href":"https:\/\/trgovina.izrocilo.si\/en\/wp-json\/wp\/v2\/types\/product"}],"wp:attachment":[{"href":"https:\/\/trgovina.izrocilo.si\/en\/wp-json\/wp\/v2\/media?parent=219"}],"wp:term":[{"taxonomy":"product_cat","embeddable":true,"href":"https:\/\/trgovina.izrocilo.si\/en\/wp-json\/wp\/v2\/product_cat?post=219"},{"taxonomy":"product_tag","embeddable":true,"href":"https:\/\/trgovina.izrocilo.si\/en\/wp-json\/wp\/v2\/product_tag?post=219"}],"curies":[{"name":"wp","href":"https:\/\/api.w.org\/{rel}","templated":true}]}}