{"id":122,"date":"2023-05-20T23:24:09","date_gmt":"2023-05-20T21:24:09","guid":{"rendered":"https:\/\/trgovina.izrocilo.si\/?post_type=product&#038;p=122"},"modified":"2024-08-21T10:45:48","modified_gmt":"2024-08-21T08:45:48","slug":"pletarska-delavnica-opletanje-steklenic","status":"publish","type":"product","link":"https:\/\/trgovina.izrocilo.si\/en\/shop\/delavnice\/pletarska-delavnica-opletanje-steklenic\/","title":{"rendered":"Spletna delavnica: opletanje steklenic"},"content":{"rendered":"<p>Oglejte si spletno delavnico, prek katere se boste nau\u010dili stare tehnike opletanja steklenic.<br \/>\nNa delavnici boste spoznali osnove pletenja ter se po korakih potopili v postopek opletanja steklenih predmetov. Sli\u0161ali boste tudi, katere pripomo\u010dke potrebujete, kako izbrati prave veje in jih pripraviti za pletenje.<\/p>\n<p>Delavnico vodita izku\u0161eni pletarki Jasmina Klop\u010di\u010d in Janja Smrkolj.<\/p>","protected":false},"excerpt":{"rendered":"<p>V na\u0161i pletarski delavnici se boste nau\u010dili umetnosti opletanja steklenic, kjer boste pridobili ve\u0161\u010dine in znanje izro\u010dila opletanja steklenic.<\/p>","protected":false},"featured_media":0,"template":"","meta":[],"product_cat":[19],"product_tag":[31,28,30,29],"class_list":{"0":"post-122","1":"product","2":"type-product","3":"status-publish","5":"product_cat-delavnice","6":"product_tag-izrocilo","7":"product_tag-pleteni-izdelki","8":"product_tag-rokodelstvo","9":"product_tag-tradicionalni-izdelki","11":"first","12":"instock","13":"virtual","14":"product-type-simple"},"jetpack_sharing_enabled":true,"x_date":"20\/05\/2023","x_metadata":{"_sku":"1-1-24-1","total_sales":"3","_tax_status":"taxable","_tax_class":"","_manage_stock":"no","_backorders":"no","_sold_individually":"no","_weight":"0.13","_length":"35","_width":"35","_height":"0.5","_virtual":"yes","_downloadable":"no","_download_limit":"0","_download_expiry":"0","_stock":"","_stock_status":"instock","_wc_average_rating":"0","_wc_review_count":"0","_product_version":"8.4.0","_price":"","_wpcom_is_markdown":"1","_last_editor_used_jetpack":"classic-editor","speedycache_post_meta":[],"_wc_pinterest_condition":"new","_wc_pinterest_google_product_category":"Home & Garden > Decor > Decorative Trays","_product_image_gallery":"140","_product_attributes":{"externalshopurl":{"name":"externalShopUrl","value":"https:\/\/izrocilo.si\/delavnice\/pletarska-delavnica-opletanje-steklenic.html","position":0,"is_visible":1,"is_variation":0,"is_taxonomy":0}},"_sale_price":""},"x_product_image_gallery":["https:\/\/trgovina.izrocilo.si\/wp-content\/uploads\/2023\/05\/d3.png"],"x_slidebox":"<img src=\"https:\/\/trgovina.izrocilo.si\/wp-content\/uploads\/2023\/05\/d3.png\" \/>","_links":{"self":[{"href":"https:\/\/trgovina.izrocilo.si\/en\/wp-json\/wp\/v2\/product\/122","targetHints":{"allow":["GET"]}}],"collection":[{"href":"https:\/\/trgovina.izrocilo.si\/en\/wp-json\/wp\/v2\/product"}],"about":[{"href":"https:\/\/trgovina.izrocilo.si\/en\/wp-json\/wp\/v2\/types\/product"}],"wp:attachment":[{"href":"https:\/\/trgovina.izrocilo.si\/en\/wp-json\/wp\/v2\/media?parent=122"}],"wp:term":[{"taxonomy":"product_cat","embeddable":true,"href":"https:\/\/trgovina.izrocilo.si\/en\/wp-json\/wp\/v2\/product_cat?post=122"},{"taxonomy":"product_tag","embeddable":true,"href":"https:\/\/trgovina.izrocilo.si\/en\/wp-json\/wp\/v2\/product_tag?post=122"}],"curies":[{"name":"wp","href":"https:\/\/api.w.org\/{rel}","templated":true}]}}