{"id":106,"date":"2023-05-18T11:51:10","date_gmt":"2023-05-18T09:51:10","guid":{"rendered":"https:\/\/trgovina.izrocilo.si\/?post_type=product&#038;p=106"},"modified":"2023-05-22T00:27:23","modified_gmt":"2023-05-21T22:27:23","slug":"kosarica-iz-slamnate-kite","status":"publish","type":"product","link":"https:\/\/trgovina.izrocilo.si\/en\/shop\/pletarski-izdelki\/kosarica-iz-slamnate-kite\/","title":{"rendered":"Ko\u0161arica iz slamnate kite"},"content":{"rendered":"<p><span data-sheets-value=\"{&quot;1&quot;:2,&quot;2&quot;:&quot;Unikatna pletena ko\u0161ara iz kite iz slame&quot;}\" data-sheets-userformat=\"{&quot;2&quot;:16899,&quot;3&quot;:{&quot;1&quot;:0},&quot;4&quot;:{&quot;1&quot;:3,&quot;3&quot;:2},&quot;12&quot;:0,&quot;17&quot;:1}\">Unikatna pletena ko\u0161ara iz slamnate kite.<\/span><\/p>\n<p><span data-sheets-value=\"{&quot;1&quot;:2,&quot;2&quot;:&quot;Unikatna pletena ko\u0161ara iz kite iz slame&quot;}\" data-sheets-userformat=\"{&quot;2&quot;:16899,&quot;3&quot;:{&quot;1&quot;:0},&quot;4&quot;:{&quot;1&quot;:3,&quot;3&quot;:2},&quot;12&quot;:0,&quot;17&quot;:1}\">Ro\u010dno izdelana in se\u0161ita ko\u0161arica, ki v va\u0161 dom prinese naravno lepoto in pridih rustikalne elegance. Odli\u010dna je\u00a0 za shranjevanje la\u017ejih predmetov ali kot okras v vsakem prostoru.<\/span><\/p>\n<p>Avtorici: Jasmina Klop\u010di\u010d, Janja Smrkolj<\/p>","protected":false},"excerpt":{"rendered":"<p><span data-sheets-value=\"{&quot;1&quot;:2,&quot;2&quot;:&quot;Unikatna pletena ko\u0161ara iz kite iz slame&quot;}\" data-sheets-userformat=\"{&quot;2&quot;:16899,&quot;3&quot;:{&quot;1&quot;:0},&quot;4&quot;:{&quot;1&quot;:3,&quot;3&quot;:2},&quot;12&quot;:0,&quot;17&quot;:1}\">Unikatna pletena ko\u0161ara iz kite iz slame<\/span><\/p>","protected":false},"featured_media":47,"template":"","meta":[],"product_cat":[17],"product_tag":[31,27,28,30,29],"class_list":{"0":"post-106","1":"product","2":"type-product","3":"status-publish","4":"has-post-thumbnail","6":"product_cat-pletarski-izdelki","7":"product_tag-izrocilo","8":"product_tag-kosara","9":"product_tag-pleteni-izdelki","10":"product_tag-rokodelstvo","11":"product_tag-tradicionalni-izdelki","13":"first","14":"outofstock","15":"shipping-taxable","16":"purchasable","17":"product-type-simple"},"jetpack_sharing_enabled":true,"x_featured_media":"https:\/\/trgovina.izrocilo.si\/wp-content\/uploads\/2023\/05\/Izdelki_Foto-VSS-Sezana_20230414-DSC00031-3-Edit-150x150.jpg","x_featured_media_medium":"https:\/\/trgovina.izrocilo.si\/wp-content\/uploads\/2023\/05\/Izdelki_Foto-VSS-Sezana_20230414-DSC00031-3-Edit-300x200.jpg","x_featured_media_large":"https:\/\/trgovina.izrocilo.si\/wp-content\/uploads\/2023\/05\/Izdelki_Foto-VSS-Sezana_20230414-DSC00031-3-Edit-1024x682.jpg","x_featured_media_original":"https:\/\/trgovina.izrocilo.si\/wp-content\/uploads\/2023\/05\/Izdelki_Foto-VSS-Sezana_20230414-DSC00031-3-Edit.jpg","x_date":"18\/05\/2023","x_metadata":{"_sku":"1-1-23","total_sales":"0","_tax_status":"taxable","_tax_class":"","_manage_stock":"no","_backorders":"no","_sold_individually":"no","_weight":"0.03","_length":"20","_width":"20","_height":"5","_virtual":"no","_downloadable":"no","_download_limit":"0","_download_expiry":"0","_thumbnail_id":"47","_stock":"","_stock_status":"outofstock","_wc_average_rating":"0","_wc_review_count":"0","_product_attributes":{"dimensions":{"name":"dimensions","value":"15 x 8 cm","position":0,"is_visible":1,"is_variation":1,"is_taxonomy":0},"material":{"name":"material","value":"slama","position":1,"is_visible":1,"is_variation":1,"is_taxonomy":0}},"_product_version":"7.7.0","_price":"20.00","_wpcom_is_markdown":"1","_last_editor_used_jetpack":"classic-editor","speedycache_post_meta":[],"_sale_price":"","_wc_pinterest_condition":"new","_wc_pinterest_google_product_category":"Home & Garden > Decor > Baskets","_regular_price":"20.00"},"_links":{"self":[{"href":"https:\/\/trgovina.izrocilo.si\/en\/wp-json\/wp\/v2\/product\/106","targetHints":{"allow":["GET"]}}],"collection":[{"href":"https:\/\/trgovina.izrocilo.si\/en\/wp-json\/wp\/v2\/product"}],"about":[{"href":"https:\/\/trgovina.izrocilo.si\/en\/wp-json\/wp\/v2\/types\/product"}],"wp:featuredmedia":[{"embeddable":true,"href":"https:\/\/trgovina.izrocilo.si\/en\/wp-json\/wp\/v2\/media\/47"}],"wp:attachment":[{"href":"https:\/\/trgovina.izrocilo.si\/en\/wp-json\/wp\/v2\/media?parent=106"}],"wp:term":[{"taxonomy":"product_cat","embeddable":true,"href":"https:\/\/trgovina.izrocilo.si\/en\/wp-json\/wp\/v2\/product_cat?post=106"},{"taxonomy":"product_tag","embeddable":true,"href":"https:\/\/trgovina.izrocilo.si\/en\/wp-json\/wp\/v2\/product_tag?post=106"}],"curies":[{"name":"wp","href":"https:\/\/api.w.org\/{rel}","templated":true}]}}